{"id":14025,"date":"2026-01-27T18:17:53","date_gmt":"2026-01-27T18:17:53","guid":{"rendered":"https:\/\/digitaldaily.com.br\/?page_id=14025"},"modified":"2026-01-27T18:18:09","modified_gmt":"2026-01-27T18:18:09","slug":"contact-us","status":"publish","type":"page","link":"https:\/\/digitaldaily.com.br\/pt\/contact-us\/","title":{"rendered":"Fale Conosco"},"content":{"rendered":"<div data-elementor-type=\"wp-page\" data-elementor-id=\"14025\" class=\"elementor elementor-14025\">\n\t\t\t\t<div class=\"elementor-element elementor-element-4cfa1f9 e-flex e-con-boxed wpr-particle-no wpr-jarallax-no wpr-parallax-no wpr-sticky-section-no e-con e-parent\" data-id=\"4cfa1f9\" data-element_type=\"container\" data-e-type=\"container\">\n\t\t\t\t\t<div class=\"e-con-inner\">\n\t\t\t\t<div class=\"elementor-element elementor-element-7389779 elementor-widget elementor-widget-text-editor\" data-id=\"7389779\" data-element_type=\"widget\" data-e-type=\"widget\" data-widget_type=\"text-editor.default\">\n\t\t\t\t\t\t\t\t\t<p data-start=\"305\" data-end=\"372\">Na Digital Daily, nossos leitores est\u00e3o no centro de tudo o que fazemos.<\/p><p data-start=\"374\" data-end=\"664\">Se tiver alguma d\u00favida, sugest\u00e3o, feedback, elogio ou at\u00e9 mesmo cr\u00edtica construtiva sobre o nosso conte\u00fado, encorajamos voc\u00ea a entrar em contato. Sua opini\u00e3o \u00e9 extremamente valiosa e nos ajuda a melhorar continuamente a qualidade, precis\u00e3o e relev\u00e2ncia das informa\u00e7\u00f5es que fornecemos.<\/p><p data-start=\"666\" data-end=\"896\">Seja para relatar um problema, sugerir um t\u00f3pico, recomendar um aplicativo ou ferramenta para an\u00e1lise, compartilhar uma oportunidade de parceria ou simplesmente iniciar uma conversa sobre tecnologia e tend\u00eancias digitais, estamos sempre abertos para ouvir voc\u00ea.<\/p><p data-start=\"898\" data-end=\"1110\">Nosso objetivo \u00e9 construir uma comunidade confi\u00e1vel e colaborativa onde o conhecimento \u00e9 compartilhado e todos se beneficiam. Cada mensagem que recebemos nos ajuda a criar um conte\u00fado melhor e a oferecer uma experi\u00eancia aprimorada para nossos leitores.<\/p><p data-start=\"1112\" data-end=\"1186\">Obrigado desde j\u00e1 pelo seu apoio e por fazer parte do Digital Daily.<\/p><p data-start=\"1188\" data-end=\"1236\"><strong data-start=\"1188\" data-end=\"1206\">E-mail para contato:<\/strong><br data-start=\"1206\" data-end=\"1209\" \/>\ud83d\udce7 <a class=\"decorated-link cursor-pointer\" rel=\"noopener\" data-start=\"1212\" data-end=\"1236\">contact@digitaldaily.com<\/a><\/p>\t\t\t\t\t\t\t\t<\/div>\n\t\t\t\t\t<\/div>\n\t\t\t\t<\/div>\n\t\t\t\t<\/div>","protected":false},"excerpt":{"rendered":"<p>At Digital Daily, our readers are at the heart of everything we do. If you have any questions, suggestions, feedback, compliments, or even constructive criticism about our content, we warmly encourage you to get in touch. Your opinion is extremely valuable and helps us continuously improve the quality, accuracy, and relevance of the information we provide. Whether you want to report an issue, suggest a topic, recommend an app or tool for review, share a partnership opportunity, or simply start a conversation about technology and digital trends, we\u2019re always open to hearing from you. Our goal is to build a trusted and collaborative community where knowledge is shared and everyone benefits. Every message we receive helps us create better content and deliver a better experience for our readers. Thank you in advance for your support and for being part of Digital Daily. Contact email:\ud83d\udce7 contact@digitaldaily.com<\/p>","protected":false},"author":1,"featured_media":0,"parent":0,"menu_order":0,"comment_status":"closed","ping_status":"closed","template":"","meta":{"footnotes":""},"class_list":["post-14025","page","type-page","status-publish","hentry"],"_hostinger_reach_plugin_has_subscription_block":false,"_hostinger_reach_plugin_is_elementor":false,"_links":{"self":[{"href":"https:\/\/digitaldaily.com.br\/pt\/wp-json\/wp\/v2\/pages\/14025","targetHints":{"allow":["GET"]}}],"collection":[{"href":"https:\/\/digitaldaily.com.br\/pt\/wp-json\/wp\/v2\/pages"}],"about":[{"href":"https:\/\/digitaldaily.com.br\/pt\/wp-json\/wp\/v2\/types\/page"}],"author":[{"embeddable":true,"href":"https:\/\/digitaldaily.com.br\/pt\/wp-json\/wp\/v2\/users\/1"}],"replies":[{"embeddable":true,"href":"https:\/\/digitaldaily.com.br\/pt\/wp-json\/wp\/v2\/comments?post=14025"}],"version-history":[{"count":4,"href":"https:\/\/digitaldaily.com.br\/pt\/wp-json\/wp\/v2\/pages\/14025\/revisions"}],"predecessor-version":[{"id":14029,"href":"https:\/\/digitaldaily.com.br\/pt\/wp-json\/wp\/v2\/pages\/14025\/revisions\/14029"}],"wp:attachment":[{"href":"https:\/\/digitaldaily.com.br\/pt\/wp-json\/wp\/v2\/media?parent=14025"}],"curies":[{"name":"wp","href":"https:\/\/api.w.org\/{rel}","templated":true}]}}